{"id":14,"date":"2016-01-13T13:23:53","date_gmt":"2016-01-13T13:23:53","guid":{"rendered":"https:\/\/rainergrau.com\/wordpress\/?page_id=14"},"modified":"2021-11-28T10:34:19","modified_gmt":"2021-11-28T09:34:19","slug":"blog","status":"publish","type":"page","link":"https:\/\/rainergrau.com\/wordpress\/blog\/","title":{"rendered":"BLOG"},"content":{"rendered":"\n<div class=\"wp-block-query is-layout-flow wp-block-query-is-layout-flow\"><ul class=\"wp-block-post-template is-layout-flow wp-block-post-template-is-layout-flow\"><li class=\"wp-block-post post-544 post type-post status-publish format-standard has-post-thumbnail hentry category-lean category-lean-ppm category-portfolio-management tag-agility tag-lean tag-portfolio-management tag-safe\">\n\n<div class=\"wp-block-group\"><div class=\"wp-block-group__inner-container is-layout-flow wp-block-group-is-layout-flow\">\n<div class=\"wp-block-columns is-layout-flex wp-container-core-columns-is-layout-9d6595d7 wp-block-columns-is-layout-flex\">\n<div class=\"wp-block-column is-layout-flow wp-block-column-is-layout-flow\" style=\"flex-basis:100%\">\n<div class=\"wp-block-group alignwide\"><div class=\"wp-block-group__inner-container is-layout-flow wp-block-group-is-layout-flow\">\n<div class=\"wp-block-query is-layout-flow wp-block-query-is-layout-flow\"><ul class=\"is-flex-container columns-3 wp-block-post-template is-layout-flow wp-block-post-template-is-layout-flow\"><li class=\"wp-block-post post-544 post type-post status-publish format-standard has-post-thumbnail hentry category-lean category-lean-ppm category-portfolio-management tag-agility tag-lean tag-portfolio-management tag-safe\">\n\n<div class=\"wp-block-group\" style=\"padding-top:30px;padding-right:30px;padding-bottom:30px;padding-left:30px\"><div class=\"wp-block-group__inner-container is-layout-flow wp-block-group-is-layout-flow\"><h2 class=\"wp-block-post-title\"><a href=\"https:\/\/rainergrau.com\/wordpress\/radikale-innovation-4-safe\/\" target=\"_self\" >Radikale Innovation f\u00fcr SAFe?<\/a><\/h2>\n\n<div class=\"wp-block-post-excerpt\"><p class=\"wp-block-post-excerpt__excerpt\">Flow im Unternehmen zu etablieren ist wertsch\u00f6pfend. Mit der Optimierung des Flow minimieren wir den Anteil des Waste in unserer Organisation. Unterst\u00fctzt SAFe mit dem in die Jahre gekommenen Konzept des 3 Monate PI noch immer den Flow optimal? <\/p><\/div>\n\n<div class=\"wp-block-post-date\"><time datetime=\"2021-11-28T12:39:06+01:00\">November 28, 2021<\/time><\/div><\/div><\/div>\n\n<\/li><li class=\"wp-block-post post-525 post type-post status-publish format-standard has-post-thumbnail hentry category-education category-lean-ppm category-management tag-agility tag-lean tag-management tag-portfolio-management\">\n\n<div class=\"wp-block-group\" style=\"padding-top:30px;padding-right:30px;padding-bottom:30px;padding-left:30px\"><div class=\"wp-block-group__inner-container is-layout-flow wp-block-group-is-layout-flow\"><h2 class=\"wp-block-post-title\"><a href=\"https:\/\/rainergrau.com\/wordpress\/cas-agile-business\/\" target=\"_self\" >Das &#8220;neue&#8221; CAS Agile Business an der HWZ<\/a><\/h2>\n\n<div class=\"wp-block-post-excerpt\"><p class=\"wp-block-post-excerpt__excerpt\">Mit dem CAS streben wir an die Komplexit\u00e4t eines Unternehmens und seine Einbettung in sein \u00d6kosystem aufzuzeigen. Fokus ist hierbei das Wirken am System, also die vielf\u00e4ltigen Aspekte aufzuzeigen und deren Zusammenspiel, die notwendig sind, so dass die Organisation sich erfolgreich entwickelt. <\/p><\/div>\n\n<div class=\"wp-block-post-date\"><time datetime=\"2021-11-28T11:59:47+01:00\">November 28, 2021<\/time><\/div><\/div><\/div>\n\n<\/li><li class=\"wp-block-post post-465 post type-post status-publish format-standard has-post-thumbnail hentry category-education category-lean category-lean-ppm category-management tag-agility tag-cas tag-hochschule-fur-wirtschaft-zurich tag-hwz tag-lean tag-organization tag-portfolio-management tag-safe tag-scale\">\n\n<div class=\"wp-block-group\" style=\"padding-top:30px;padding-right:30px;padding-bottom:30px;padding-left:30px\"><div class=\"wp-block-group__inner-container is-layout-flow wp-block-group-is-layout-flow\"><h2 class=\"wp-block-post-title\"><a href=\"https:\/\/rainergrau.com\/wordpress\/cas-digital-operational-readiness\/\" target=\"_self\" >Das CAS Digital Operational Readiness<\/a><\/h2>\n\n<div class=\"wp-block-post-excerpt\"><p class=\"wp-block-post-excerpt__excerpt\">Letztes Jahr bauten Andr\u00e9 Romagna und ich mit der Hochschule f\u00fcr Wirtschaft\u00a0HWZ ein neues CAS mit dem Namen &#8220;IT Management&#8221; komplett neu auf. Das unheimlich positive Feedback der Teilnehmer hat uns motiviert weiter in das CAS zu investieren. Nur mit einem waren wir unzufrieden &#8211; mit dem Titel. Der Titel hat den Inhalt nicht getroffen.+&hellip; <\/p><\/div>\n\n<div class=\"wp-block-post-date\"><time datetime=\"2018-03-04T18:46:21+01:00\">March 4, 2018<\/time><\/div><\/div><\/div>\n\n<\/li><li class=\"wp-block-post post-405 post type-post status-publish format-standard has-post-thumbnail hentry category-education category-lean category-privateblogs tag-cas tag-cas-be tag-cas-it tag-hochschule-fur-wirtschaft-zurich tag-hwz tag-it-management tag-nachdiplom tag-weiterbildung\">\n\n<div class=\"wp-block-group\" style=\"padding-top:30px;padding-right:30px;padding-bottom:30px;padding-left:30px\"><div class=\"wp-block-group__inner-container is-layout-flow wp-block-group-is-layout-flow\"><h2 class=\"wp-block-post-title\"><a href=\"https:\/\/rainergrau.com\/wordpress\/cas-it-management\/\" target=\"_self\" >Ein neues CAS IT Management<\/a><\/h2>\n\n<div class=\"wp-block-post-excerpt\"><p class=\"wp-block-post-excerpt__excerpt\">Ich freue mich zusammen mit Andr\u00e9 Romagna von cedIT das CAS IT Management komplett neu aufzubauen. Warum ein CAS IT Management Das CAS IT Management vermittelt dem modernen IT-Leiter das Handwerkszeug um einen wesentlichen Wertanteil zum Unternehmenserfolg beizutragen. Die Informatik Abteilung des Unternehmens hat l\u00e4ngst das Stadium verlassen ein reiner interner Dienstleister zu sein. Informationstechnologie+&hellip; <\/p><\/div>\n\n<div class=\"wp-block-post-date\"><time datetime=\"2017-02-10T10:47:59+01:00\">February 10, 2017<\/time><\/div><\/div><\/div>\n\n<\/li><li class=\"wp-block-post post-376 post type-post status-publish format-standard hentry category-privateblogs tag-4-sale tag-bluray tag-connoisseur tag-for-sale tag-gebraucht tag-gore tag-hifi tag-jacke tag-philipps-onkyo tag-player tag-ricardo tag-schrank tag-seltmann-weiden tag-sideboard tag-tuner tag-velo\">\n\n<div class=\"wp-block-group\" style=\"padding-top:30px;padding-right:30px;padding-bottom:30px;padding-left:30px\"><div class=\"wp-block-group__inner-container is-layout-flow wp-block-group-is-layout-flow\"><h2 class=\"wp-block-post-title\"><a href=\"https:\/\/rainergrau.com\/wordpress\/opportunities4sale\/\" target=\"_self\" >Moving &#8230; Opportunity for a cleanup<\/a><\/h2>\n\n<div class=\"wp-block-post-excerpt\"><p class=\"wp-block-post-excerpt__excerpt\">Moving\u00a0is the opportunity for a cleanup I guess everybody is facing this situation at one point in your life&#8230; Your kids leave and the apartment your living in turns from too small to too large. Next idea is to move into a smaller apartment. You are a couple again \ud83d\ude42 and different values become important+&hellip; <\/p><\/div>\n\n<div class=\"wp-block-post-date\"><time datetime=\"2016-09-17T20:26:52+02:00\">September 17, 2016<\/time><\/div><\/div><\/div>\n\n<\/li><li class=\"wp-block-post post-349 post type-post status-publish format-standard has-post-thumbnail hentry category-digitecgalaxus category-privateblogs tag-agility tag-digitec tag-galaxus tag-kanban tag-lean tag-portfolio-management tag-safe tag-scrum\">\n\n<div class=\"wp-block-group\" style=\"padding-top:30px;padding-right:30px;padding-bottom:30px;padding-left:30px\"><div class=\"wp-block-group__inner-container is-layout-flow wp-block-group-is-layout-flow\"><h2 class=\"wp-block-post-title\"><a href=\"https:\/\/rainergrau.com\/wordpress\/jobs-at-digitec-galaxus\/\" target=\"_self\" >Digitec Galaxus is hiring Software Engineers&#8230;<\/a><\/h2>\n\n<div class=\"wp-block-post-excerpt\"><p class=\"wp-block-post-excerpt__excerpt\">Sorry I have to say sorry. Normally I really try to avoid any advertisement and that kind of abuse in my blog &#8211; so I really have to say sorry that I bother you with an job advertisement for Digitec Galaxus &#8211; the company I like to work for. So if you decide to stop+&hellip; <\/p><\/div>\n\n<div class=\"wp-block-post-date\"><time datetime=\"2016-07-18T18:08:37+02:00\">July 18, 2016<\/time><\/div><\/div><\/div>\n\n<\/li><\/ul><\/div>\n<\/div><\/div>\n<\/div>\n<\/div>\n<\/div><\/div>\n\n\n\n<hr class=\"wp-block-separator\"\/>\n\n\n<div class=\"wp-block-post-date\"><time datetime=\"2021-11-28T12:39:06+01:00\">November 28, 2021<\/time><\/div>\n<\/li><\/ul><\/div>\n","protected":false},"excerpt":{"rendered":"","protected":false},"author":1,"featured_media":0,"parent":0,"menu_order":0,"comment_status":"closed","ping_status":"closed","template":"","meta":{"footnotes":""},"class_list":["post-14","page","type-page","status-publish","hentry"],"_links":{"self":[{"href":"https:\/\/rainergrau.com\/wordpress\/wp-json\/wp\/v2\/pages\/14","targetHints":{"allow":["GET"]}}],"collection":[{"href":"https:\/\/rainergrau.com\/wordpress\/wp-json\/wp\/v2\/pages"}],"about":[{"href":"https:\/\/rainergrau.com\/wordpress\/wp-json\/wp\/v2\/types\/page"}],"author":[{"embeddable":true,"href":"https:\/\/rainergrau.com\/wordpress\/wp-json\/wp\/v2\/users\/1"}],"replies":[{"embeddable":true,"href":"https:\/\/rainergrau.com\/wordpress\/wp-json\/wp\/v2\/comments?post=14"}],"version-history":[{"count":2,"href":"https:\/\/rainergrau.com\/wordpress\/wp-json\/wp\/v2\/pages\/14\/revisions"}],"predecessor-version":[{"id":523,"href":"https:\/\/rainergrau.com\/wordpress\/wp-json\/wp\/v2\/pages\/14\/revisions\/523"}],"wp:attachment":[{"href":"https:\/\/rainergrau.com\/wordpress\/wp-json\/wp\/v2\/media?parent=14"}],"curies":[{"name":"wp","href":"https:\/\/api.w.org\/{rel}","templated":true}]}}