{"id":16,"date":"2016-01-13T13:24:10","date_gmt":"2016-01-13T13:24:10","guid":{"rendered":"https:\/\/rainergrau.com\/wordpress\/?page_id=16"},"modified":"2025-11-02T12:36:50","modified_gmt":"2025-11-02T11:36:50","slug":"engagements","status":"publish","type":"page","link":"https:\/\/rainergrau.com\/wordpress\/engagements\/","title":{"rendered":"ENGAGEMENTS"},"content":{"rendered":"<h2>Conferences<\/h2>\n<ul class=\"content2\">\n<li>Talk at the <a href=\"https:\/\/canvas.miro.com\/series\/canvas25-zurich\/home\" target=\"_blank\" rel=\"noopener\">Miro Canvas 2025<\/a> (25.11.2025): Cut the Effort of Replacing Legacy Systems with AI + Miro. Replacing a legacy system with a modern standard solution is complex and costly. In this session, you\u2019ll see how AI, embedded directly in Miro, can streamline analysis and design work, from structuring requirements to creating and evaluating RfP\/RfI responses.<\/li>\n<li>Organisator of the <a href=\"https:\/\/swissagileleaders.org\/agileunconference\/\" target=\"_blank\" rel=\"noopener\">Agile Unconference<\/a>, Zentrum Karl der Grosse, 06. Nov 2025<\/li>\n<li>Organisator of the <a href=\"https:\/\/swissagileleaders.org\/agileunconference\/\" target=\"_blank\" rel=\"noopener\">Agile Unconference<\/a>, Zentrum Karl der Grosse, 07. Nov 2024<\/li>\n<li>Devellopment of the higher eductation course &#8220;transformation of digital marketing organizations&#8221; at the University of applied science Luzern (HSLU)<\/li>\n<li>Organisator of the Agile Unconference, Zentrum Karl der Grosse, 09. Nov 2023<\/li>\n<li>Organisator of the Agile Unconference, Zentrum Karl der Grosse, 10. Nov 2022<\/li>\n<li>IEEE Requirements Engineering Conference RE &#8217;21, Z\u00fcrich: Rainer Grau: <a href=\"https:\/\/rainergrau.com\/wordpress\/wp-content\/uploads\/2021\/11\/IEEE-RE21-BaReInALargeAgileOrganization.pdf\">IEEE-RE21-BaReInALargeAgileOrganization<\/a>\u00a022. Sept. 2021<\/li>\n<li>IEEE Requirements Engineering Conference RE &#8217;20, Z\u00fcrich: Andrea Gees (La Mobili\u00e9re), Rainer Grau: <a href=\"https:\/\/rainergrau.com\/wordpress\/wp-content\/uploads\/2021\/11\/20200901-Mobiliar-RE20-IndustryTrack-V1.1.pdf\" target=\"_blank\" rel=\"noopener\">An aligned agile approach for strategy and portfolio management<\/a> 01. Sept. 2020<\/li>\n<li>PoReDay Z\u00fcrich, Maximilian Brandt (Leiter Strategie &amp; Planung CSS Versicherung) &amp; Rainer Grau: <a href=\"https:\/\/rainergrau.com\/wordpress\/wp-content\/uploads\/2021\/11\/Das-Portfolio-Management-der-CSS-nach-dem-Denkplan-Ansatz.pdf\" target=\"_blank\" rel=\"noopener\">Das Portfolio-Management der CSS nach dem Denkplan Ansatz<\/a>, 24. Juni 2020,<\/li>\n<li>International Advertisment Association, Young Professionals, Zurich 29 MAy 2018: Agility: A Buzzword made tangible\u00a0<a  data-e-Disable-Page-Transition=\"true\" class=\"download-link\" title=\"\" href=\"https:\/\/rainergrau.com\/wordpress\/download\/483\/?tmstv=1776422316\" rel=\"nofollow\" id=\"download-link-483\" data-redirect=\"false\" >\n\t20180529-IAALunchTreffen-V1.3.pdf\t(1582 downloads\t)\n<\/a>\n<\/li>\n<li>SAP Project Management Network, <a  data-e-Disable-Page-Transition=\"true\" class=\"download-link\" title=\"\" href=\"https:\/\/rainergrau.com\/wordpress\/download\/445\/?tmstv=1776422316\" rel=\"nofollow\" id=\"download-link-445\" data-redirect=\"false\" >\n\tProjekte f\u00fchren in der digitalen Transformation\t(1478 downloads\t)\n<\/a>\n, Impulsreferat, 21.11.2017, SAP (Schweiz)<\/li>\n<li>Organisator of the <a href=\"http:\/\/www.saq-informatik.ch\/de\/veranstaltungen\/detail\/819\/\">Agile Unconference<\/a>, Zentrum Karl der Grosse, 03. Nov 2017<\/li>\n<li>Organisator of the <a href=\"http:\/\/www.saq-informatik.ch\/de\/veranstaltungen\/detail\/818\/\">RE-Forum 2017<\/a>, Swiss Convention Center Z\u00fcrich, 01. Nov 2017<\/li>\n<li>Talk &#8220;A scenario based Scaling Approach&#8221; at the <a href=\"http:\/\/agileleadershipday.ch\/en\/\">Agile Leadership Day<\/a> 27. Sept 2017<\/li>\n<li>Talk &#8220;<a href=\"https:\/\/www.upfrontthinking.ch\/conference\/not-fail-experiment-learn\/\">I do not fail &#8211; I experiment end learn<\/a>&#8221; at the <a href=\"https:\/\/www.upfrontthinking.ch\">UpfrontThinking Conference<\/a> 21. June 2017<\/li>\n<li>Talk &#8220;Agilit\u00e4t als Grundwert; engagiert und sinnstiftend arbeiten&#8221; at the &#8220;<a href=\"https:\/\/www.luks.ch\/fileadmin\/user_upload\/Dateien\/Standorte\/Luzern\/Pflege_Soziales\/Events\/Zentralschweizer_Pflegesymposien\/Vorabflyer_Zentralschweizer_Pflegesymposien_2017.pdf\">1. Zentralschweizer Pflegesymposium Management &amp; Advanced Nursing Practice (ANP)<\/a>&#8220;, KKL Luzern, 30. May 2017<\/li>\n<li>Organisator of the <a href=\"http:\/\/www.saq-informatik.ch\/de\/veranstaltungen\/detail\/888\/\">Agile Unconference<\/a>, Swiss Convention Center Z\u00fcrich, 03. Nov 2016 with special guest <a href=\"http:\/\/www.nielspflaeging.com\/about-niels\/\">Niels Pl\u00e4ging<\/a><\/li>\n<li>Organisator and Talk &#8220;Agile Requirements Engineering&#8221;, <a href=\"http:\/\/www.saq-informatik.ch\/de\/veranstaltungen\/detail\/732\/\">RE-Forum 2016<\/a>, Swiss Convention Center Z\u00fcrich, 02. Nov 2016,\u00a0<a  data-e-Disable-Page-Transition=\"true\" class=\"download-link\" title=\"\" href=\"https:\/\/rainergrau.com\/wordpress\/download\/401\/?tmstv=1776422316\" rel=\"nofollow\" id=\"download-link-401\" data-redirect=\"false\" >\n\t20161102-RE-Forum-V1.5.pdf\t(2064 downloads\t)\n<\/a>\n<\/li>\n<li>Talk &#8220;Lean &amp; Agile Portfolio Mgmt @ Digitec Galaxus&#8221;, <a href=\"https:\/\/www.meetup.com\/Scaled-Agile-Framework-SAFe-Austria\/\">Scaled Agile Framework Meetup<\/a>, Vienna, 03. Oct 2016<\/li>\n<li>Talk &#8220;Transparency, measurements and benchmarks used as lean leadership instruments&#8221;, <a href=\"http:\/\/agileleadershipday.ch\/en\/program\/lean-leadership-system-kpis-and-transparency\/\">Agile Leadership Day 2016<\/a>,\u00a0<a  data-e-Disable-Page-Transition=\"true\" class=\"download-link\" title=\"\" href=\"https:\/\/rainergrau.com\/wordpress\/download\/399\/?tmstv=1776422316\" rel=\"nofollow\" id=\"download-link-399\" data-redirect=\"false\" >\n\t20160914-RainerGrau-ALD-v3.0.pdf\t(1454 downloads\t)\n<\/a>\n<\/li>\n<li>Talk &#8220;Living Agile Requirements Engineering @ Digitec Galaxus AG&#8221;, <a href=\"http:\/\/www.upfrontthinking.ch\/\">Upfront Thinking 2016<\/a> conference,\u00a0<a  data-e-Disable-Page-Transition=\"true\" class=\"download-link\" title=\"\" href=\"https:\/\/rainergrau.com\/wordpress\/download\/343\/?tmstv=1776422316\" rel=\"nofollow\" id=\"download-link-343\" data-redirect=\"false\" >\n\tRE@DigitecGalaxus-UTConf2016-slides.pdf\t(2043 downloads\t)\n<\/a>\n<\/li>\n<li>Talk &#8220;Implementing a Lean Portfolio Management at Digitec Galaxus&#8221; <a href=\"http:\/\/www.agileleadershipday.ch\/en\/\" target=\"_blank\" rel=\"noopener\"> Agile Leadership Day 2015<\/a>, download pdf:\u00a0<a  data-e-Disable-Page-Transition=\"true\" class=\"download-link\" title=\"Version 1.0\" href=\"https:\/\/rainergrau.com\/wordpress\/download\/181\/?tmstv=1776422316\" rel=\"nofollow\" id=\"download-link-181\" data-redirect=\"false\" >\n\tALD 2015 - Lean PPM at Digitec Galaxus AG\t(1549 downloads\t)\n<\/a>\n<\/li>\n<li>Talk &#8220;Scale Agility: Agile Projekte auf Unternehmensebene&#8221; at <a href=\"http:\/\/www.zfu.ch\/weiterbildung\/seminare\/tsr\/scale-agility-agiles-projektmanagement-auf-unternehmensebene\/inhalt.html\" target=\"_blank\" rel=\"noopener\"> ZfU International Business School Z\u00fcrich<\/a>; 20. November 2014;\u00a0download\u00a0<a  data-e-Disable-Page-Transition=\"true\" class=\"download-link\" title=\"\" href=\"https:\/\/rainergrau.com\/wordpress\/download\/183\/?tmstv=1776422316\" rel=\"nofollow\" id=\"download-link-183\" data-redirect=\"false\" >\n\tZfU Seminar Flyer\t(1537 downloads\t)\n<\/a>\n<\/li>\n<li>Talk &#8220;Scale Agility: Transparenz &#8211; offen angestrebt und heimlich gef\u00fcrchtet&#8221; at ZfU International Business School Z\u00fcrich; <a href=\"http:\/\/www.zfu.ch\/weiterbildung\/seminare\/pmk\/10-projektmanagement-summit-2014\/inhalt.html\" target=\"_blank\" rel=\"noopener\"> 10. Projektmanagement Summit<\/a>; 12. November 2014; Seedamm Plaza Hotel in Pf\u00e4ffikon (Switzerland);\u00a0download\u00a0<a  data-e-Disable-Page-Transition=\"true\" class=\"download-link\" title=\"\" href=\"https:\/\/rainergrau.com\/wordpress\/download\/185\/?tmstv=1776422316\" rel=\"nofollow\" id=\"download-link-185\" data-redirect=\"false\" >\n\tZfU Seminar Flyer\t(1532 downloads\t)\n<\/a>\n<\/li>\n<li>Talk &#8220;A game of Thrones&#8221; at <a href=\"http:\/\/agile.ba\/en\/events\/event\/16-bosnia-agile-day-2014\" target=\"_blank\" rel=\"noopener\"> Bosnia Agile Day <\/a>; 27 October 2014; Sarajevo (Bosnia);<\/li>\n<li>Talk &#8220;Geht Morgen wirklich die Sonne auf?&#8221; at <a href=\"http:\/\/www.spm.ch\/veranstaltungen\/einzalansicht\/?tx_ttnews%5Byear%5D=2014&amp;tx_ttnews%5Bmonth%5D=05&amp;tx_ttnews%5Bday%5D=21&amp;tx_ttnews%5Btt_news%5D=64&amp;cHash=a3432b2de77f2578f7bd744649d17c91\" target=\"_blank\" rel=\"noopener\"> spm \/ BWI Fr\u00fchjahrstagung<\/a>; 21. Mai 2014; Technopark Zurich; download\u00a0<a  data-e-Disable-Page-Transition=\"true\" class=\"download-link\" title=\"\" href=\"https:\/\/rainergrau.com\/wordpress\/download\/188\/?tmstv=1776422316\" rel=\"nofollow\" id=\"download-link-188\" data-redirect=\"false\" >\n\tslides of SPM Fr\u00fchjahrstagung\t(1644 downloads\t)\n<\/a>\n<\/li>\n<li>Talk at <a href=\"http:\/\/uktmf.com\"> 2014 Test Management Summit <\/a>, 29-30 March 2014, London; download slides about\u00a0<a  data-e-Disable-Page-Transition=\"true\" class=\"download-link\" title=\"\" href=\"https:\/\/rainergrau.com\/wordpress\/download\/191\/?tmstv=1776422316\" rel=\"nofollow\" id=\"download-link-191\" data-redirect=\"false\" >\n\ttalk about flow development\t(2472 downloads\t)\n<\/a>\n<\/li>\n<li>Talk &#8220;Scaling Problem #1: Die vielf\u00e4ltigen Rollen des {Product \u00a6 Program \u00a6 Project}{Owner \u00a6 Manager \u00a6 Steward}&#8221; at <a href=\"http:\/\/www.reconf.de\/reconf\/reconf-2014\/\" target=\"_blank\" rel=\"noopener\"> REConf 2014 <\/a>, 10 March to 13 March 2014, Munich; download\u00a0<a  data-e-Disable-Page-Transition=\"true\" class=\"download-link\" title=\"\" href=\"https:\/\/rainergrau.com\/wordpress\/download\/193\/?tmstv=1776422316\" rel=\"nofollow\" id=\"download-link-193\" data-redirect=\"false\" >\n\tconference slides\t(1582 downloads\t)\n<\/a>\n<\/li>\n<li>Talk at <a href=\"http:\/\/www.agileleadershipday.ch\/\" target=\"_blank\" rel=\"noopener\">Agile Leadership Day 2013, Z\u00fcrich<\/a> &#8220;Das Team ohne Team: Das agile Anti-Pattern des PO-Heldentums <a href=\"http:\/\/www.agileleadershipday.ch\/team-ohne-team-oder-wie-kann-ich-verhindern-dass-product-owner-product-manager-nachsten-unfreiwillige-helden-werden\/\" target=\"_blank\" rel=\"noopener\"> abstract <\/a><\/li>\n<li>Talk at <a href=\"http:\/\/hustef.hu\/index_en.html\" target=\"_blank\" rel=\"noopener\">Hungarian Software Testing Conference HUSTEF 2013 <\/a> about Effective Requirements Engineering, download\u00a0<a  data-e-Disable-Page-Transition=\"true\" class=\"download-link\" title=\"\" href=\"https:\/\/rainergrau.com\/wordpress\/download\/195\/?tmstv=1776422316\" rel=\"nofollow\" id=\"download-link-195\" data-redirect=\"false\" >\n\tconference presentation (pdf)\t(2120 downloads\t)\n<\/a>\n, <a href=\"http:\/\/www.youtube.com\/watch?v=DqmG4G78ffI&amp;feature=c4-overview-vl&amp;list=PL8e2nRqhmWPzABSq35ITYOwve_6ITShX2\" target=\"_blank\" rel=\"noopener\">(see video on YouTube&#8230;)<\/a><\/li>\n<li>Talk at <a href=\"http:\/\/cms.specief.org\/conc\/\" target=\"_blank\" rel=\"noopener\"> specief.org: Soci\u00e9t\u00e9 pour la Promotion Et la Certification de l&#8217;Ing\u00e9nierie des Exigences en langue Fran\u00e7aise, Sorbonne Paris 2013<\/a> The International Requirements Engineering Board (IREB): Goals, organization, certification,\u00a0download\u00a0<a  data-e-Disable-Page-Transition=\"true\" class=\"download-link\" title=\"\" href=\"https:\/\/rainergrau.com\/wordpress\/download\/197\/?tmstv=1776422316\" rel=\"nofollow\" id=\"download-link-197\" data-redirect=\"false\" >\n\tconference presentation (pdf)\t(1514 downloads\t)\n<\/a>\n<\/li>\n<li>Tutorial at the <a href=\"http:\/\/www.productmanagementfestival.com\" target=\"_blank\" rel=\"noopener\">Product Management Festival 2013<\/a> Tutorial about <a href=\"http:\/\/www.productmanagementfestival.com\/tutorial-lean-product-management\/\" target=\"_blank\" rel=\"noopener\">Lean Product Management<\/a><\/li>\n<li>Talk: SwissICT, <a href=\"http:\/\/www.swissict.ch\/expertenwissen\/fachanlaesse\/event\/grossprojekte-und-agilitaet\/?tx_events_list_generic%5Bsorting%5D=timeperiods&amp;cHash=37f84d85333dcaa863918598f811c4b4\" target=\"_blank\" rel=\"noopener\">Evening Event of the Limited WIP Society, 29 May 2013<\/a>: Grossprojekte und Agilit\u00e4t,\u00a0download\u00a0<a  data-e-Disable-Page-Transition=\"true\" class=\"download-link\" title=\"\" href=\"https:\/\/rainergrau.com\/wordpress\/download\/199\/?tmstv=1776422316\" rel=\"nofollow\" id=\"download-link-199\" data-redirect=\"false\" >\n\tconference presentation (pdf)\t(2511 downloads\t)\n<\/a>\n<\/li>\n<li>Seminar: <a href=\"http:\/\/www.hood-group.com\/reconf\/reconf-2013\/programm\/workshops\/gtws12\/\" target=\"_blank\" rel=\"noopener\">Requirements Analyse, Gespr\u00e4chsf\u00fchrung und Dokumentation ausgerichtet am Konzept des IREB e.V.<\/a> an der <a href=\"http:\/\/www.hood-group.com\/reconf\/reconf-2013\/startseite\/\" target=\"_blank\" rel=\"noopener\"> REConf 2013 <\/a>, 11. M\u00e4rz &#8211; 14. M\u00e4rz 2013, M\u00fcnchen, Dornach Messe- und Kongresshotel<\/li>\n<li>Keynote: <a href=\"http:\/\/www.manage-agile.de\/keynote\/articles\/agility-meets-product-management\" target=\"_blank\" rel=\"noopener\">Agility meets Product Management 2012<\/a> at the <a href=\"http:\/\/www.manage-agile.de\/\" target=\"_blank\" rel=\"noopener\">Manage Agile 2012<\/a> Conference in Berlin, Germany, 16 &#8211; 18 October 2012, download\u00a0<a  data-e-Disable-Page-Transition=\"true\" class=\"download-link\" title=\"\" href=\"https:\/\/rainergrau.com\/wordpress\/download\/201\/?tmstv=1776422316\" rel=\"nofollow\" id=\"download-link-201\" data-redirect=\"false\" >\n\tconference presentation (pdf)\t(2491 downloads\t)\n<\/a>\n<\/li>\n<li>Full day tutorial: <a href=\"http:\/\/crisys.cs.umn.edu\/re2012\/tutorialprogram.shtml\" target=\"_blank\" rel=\"noopener\">Get involved, get prepared: Tutorial for requirements analysis, conversation and documentation aligned to the IREB e.V. body of knowledge<br \/>\n<\/a> at the IEEE Conference for Requirements Engineering RE12in Chicago, Illinois, USA, 25 September 2012<\/li>\n<li>Talk: <a href=\"http:\/\/conf.ifit.uni-klu.ac.at\/asqt2006\/index.php\/fachbeitaege\" target=\"_blank\" rel=\"noopener\">Lean, Agile, Produkte, Projekte, Knowledge Management und Pragmatismus: Lieber das Eisen schmieden als den Stab \u00fcber dem Knie brechen<br \/>\n<\/a> at the <a href=\"http:\/\/www.asqt.org\/\" target=\"_blank\" rel=\"noopener\">ASQT Conference 2012<\/a> in Klagenfurt, Austria, 6 \/ 7 September 2012<\/li>\n<li>Keynote: &#8220;Requirements Engineering in the agile Context&#8221; for the Industry Track of the <a href=\"http:\/\/www.refsq.org\/2012\/\" target=\"_blank\" rel=\"noopener\">18th International Working Conference on Requirements Engineering REFSQ 2012<\/a> at the University of Duisburg-Essen<\/li>\n<li>Talk: Internationale Verkaufsorganisationen: Von organisationalen und menschlichen Befindlichkeiten at the <a href=\"http:\/\/summitproductdevelopment.com\/\" target=\"_blank\" rel=\"noopener\">Summit Product Development 2012<\/a> in Z\u00fcrich<\/li>\n<li>Industry Session 4 and Panel: &#8220;Our profession&#8221; at the <a href=\"http:\/\/www.re11.org\/\" target=\"_blank\" rel=\"noopener\">19th IEEE International Requirements Engineering Conference<\/a><\/li>\n<li>Talk: Zwei unm\u00f6gliche Dinge: Fliegende Fische und Agiles RE am SOPHIST Days 15 + 16 September 2011<\/li>\n<li>Keynote an der <a href=\"http:\/\/www.sigs-datacom.de\/oop2011\/oop2011.html\" target=\"_blank\" rel=\"noopener\">OOP 2011<\/a> in M\u00fcnchen Talk: Was Sie schon immer \u00fcber Change wissen wollten, aber nie zu fragen wagten, download\u00a0<a  data-e-Disable-Page-Transition=\"true\" class=\"download-link\" title=\"\" href=\"https:\/\/rainergrau.com\/wordpress\/download\/203\/?tmstv=1776422316\" rel=\"nofollow\" id=\"download-link-203\" data-redirect=\"false\" >\n\tconference presentation (pdf)\t(2112 downloads\t)\n<\/a>\n<\/li>\n<li>Workshop Agile Development an der <a href=\"http:\/\/www.mstb.org\/softec2010\/faq.html\" target=\"_blank\" rel=\"noopener\">SOFTEC 2010 in Kuala Lumpur<\/a><\/li>\n<li>Moderation of <a href=\"http:\/\/jazoon.com\/2010\/\" target=\"_blank\" rel=\"noopener\">Jazoon Konferenz 2010 in Z\u00fcrich<\/a><\/li>\n<li>Talk &#8220;Why Requirements Engineering Trainings Fail&#8221; an der <a href=\"http:\/\/www.sse.uni-due.de\/refsq\/2010\/\" target=\"_blank\" rel=\"noopener\">REFSQ 2010<\/a> in Essen<\/li>\n<li>Talk: Vorstellung des Zertifizierungsmodells zum<br \/>\n<a href=\"http:\/\/certified-re.com\" target=\"_blank\" rel=\"noopener\"> Certified Professional for Requirements Engineering<\/a> an der <a href=\"http:\/\/www.isqi.org\/en\/conferences\/conquest\/2010\/program\/\" target=\"_blank\" rel=\"noopener\">Conquest Konferenz 2010 in Dresden<\/a><\/li>\n<li>Talk Moving to ab agile culture 2009 an der Universit\u00e4t Augsburg<a href=\"http:\/\/www.informatik.uni-augsburg.de\" target=\"_blank\" rel=\"noopener\"> Universit\u00e4t Augsburg<\/a>, download\u00a0<a  data-e-Disable-Page-Transition=\"true\" class=\"download-link\" title=\"\" href=\"https:\/\/rainergrau.com\/wordpress\/download\/205\/?tmstv=1776422316\" rel=\"nofollow\" id=\"download-link-205\" data-redirect=\"false\" >\n\tconference presentation (pdf)\t(1477 downloads\t)\n<\/a>\n<\/li>\n<li>Talk and Podcast beim IBM Plattform Event 16. September 2009 <a href=\"http:\/\/www-01.ibm.com\/software\/ch\/de\/multimedia\/RUP_Credit_Suisse_Zuehlke.html\" target=\"_blank\" rel=\"noopener\"> Einf\u00fchrung des Rational Unified Prozess bei der Credit Suisse<\/a>.<\/li>\n<li>Late Afternoon Talk &#8220;Shaked Agile&#8221; 17. + 18. Juni 2009 mit Jutta Eckstein und Philippe Kruchten, Vortrag &#8220;XP on the beach oder doch lieber reiner Wein?&#8221;, download\u00a0<a  data-e-Disable-Page-Transition=\"true\" class=\"download-link\" title=\"\" href=\"https:\/\/rainergrau.com\/wordpress\/download\/207\/?tmstv=1776422316\" rel=\"nofollow\" id=\"download-link-207\" data-redirect=\"false\" >\n\tconference presentation (pdf)\t(1470 downloads\t)\n<\/a>\n<\/li>\n<li>Talk: Requirements Engineering im Portfolio Management at <a href=\"http:\/\/sigs-datacom.de\/sd\/kongresse\/oop_2009\/index.php\" target=\"_blank\" rel=\"noopener\">OOP 2009<\/a><\/li>\n<li>Talk: Vom definiertem zum agilen Prozess, Zug um Zug Veranstaltung der <a href=\"http:\/\/www.saq.ch\/de\/events\/detail\/376\/\" target=\"_blank\" rel=\"noopener\">SAQ (2009)<\/a><\/li>\n<li>Talk: Das IREB Zertifizierungsmodell, RE-Days Konferenz 2008 N\u00fcrnberg<\/li>\n<\/ul>\n<hr \/>\n<h2>Education, Communities and Organizations<\/h2>\n<ul>\n<li>Reviewer of the Micro Credential Syllabus &#8220;AI for Requirements Engineering&#8221; of the <a href=\"http:\/\/www.certified-re.com\" target=\"_blank\" rel=\"noopener\">International Requirements Engineering Boards (IREB)<\/a> 2025<\/li>\n<li>Thought leader and founding member of the <a href=\"https:\/\/denkplan.com\/\" target=\"_blank\" rel=\"noopener\">Denkplan method<\/a> &#8211; an lightweight and collaborative approach to close the gap between strategy and implementation based on up-to-date methods and good practices.<\/li>\n<li>Reviewer of the Agile Requirements Engineering Advanced Level Syllabus of the\u00a0<a href=\"http:\/\/www.certified-re.com\" target=\"_blank\" rel=\"noopener\">International Requirements Engineering Boards (IREB)<\/a>\u00a02017<\/li>\n<li>Reviewer of the RE@Agile Primer Syllabus of the\u00a0<a href=\"http:\/\/www.certified-re.com\" target=\"_blank\" rel=\"noopener\">International Requirements Engineering Boards (IREB)<\/a>\u00a02017<\/li>\n<li>Member of the <a href=\"https:\/\/www.pedco.eu\/about-us\/\">advidory board of Pedco AG<\/a>, Managed Process Services, 2015 &#8211; today<\/li>\n<li>First Chair of the Executive Committee of the <a href=\"http:\/\/www.certified-re.com\" target=\"_blank\" rel=\"noopener\">International Requirements Engineering Boards (IREB)<\/a> (2007 &#8211; 2016), see as well <a href=\"https:\/\/www.ireb.org\/en\/people-profiles\/grau\/membertype:executiveboard\/#filter\" target=\"_blank\" rel=\"noopener\">profile<\/a> and <a href=\"https:\/\/www.ireb.org\/en\/service\/cpre-registry-list\/142\" target=\"_blank\" rel=\"noopener\">registry<\/a> on IREB<\/li>\n<li>Session Member of the Industry Committee of the <a href=\"http:\/\/crisys.cs.umn.edu\/re2012\/\" target=\"_blank\" rel=\"noopener\"> 20th IEEE International Requirements Engineering Conference<\/a> in Chicago, Illinois, USA<\/li>\n<li>Founding Member of the <a href=\"http:\/\/www.swissagileleaders.org\">Swiss Agile Leaders Circle<\/a><\/li>\n<li>Founding Member of the <a href=\"http:\/\/www.ispma.org\" target=\"_blank\" rel=\"noopener\"> International Software Product Association <\/a><\/li>\n<li>Session Member of the Industry Committee of the <a href=\"http:\/\/www.re11.org\" target=\"_blank\" rel=\"noopener\"> 19th IEEE International Requirements Engineering Conference<\/a> in Trento<\/li>\n<li>Member of the Program Committee of the <a href=\"http:\/\/www.saq.ch\/de\/fachgruppen\/informatik\/\" target=\"_blank\" rel=\"noopener\">Requirements Engineering Forum Switzerland<\/a> in Z\u00fcrich (2008 &#8211; today).<\/li>\n<li>Head Session Chair <a href=\"http:\/\/www.eseconf.com\" target=\"_blank\" rel=\"noopener\">Excellence in Software Engineering Conference (ESE 2011 &#8211; 2012)<\/a><\/li>\n<li>Head Session Chair <a href=\"http:\/\/www.sigs-datacom.de\/set\/set-2010.html\" target=\"_blank\" rel=\"noopener\">Software Engineering Conference 2008 &#8211; 2010<\/a><\/li>\n<li>Head Steering Committee of Section Informatics at <a href=\"http:\/\/www.saq.ch\" target=\"_blank\" rel=\"noopener\">Swiss Association for Quality (SAQ)<\/a> (2009 &#8211; 2015)<\/li>\n<li>IEEE member<\/li>\n<\/ul>\n","protected":false},"excerpt":{"rendered":"<p>Conferences Talk at the Miro Canvas 2025 (25.11.2025): Cut the Effort of Replacing Legacy Systems with AI + Miro. Replacing a legacy system with a modern standard solution is complex and costly. In this session, you\u2019ll see how AI, embedded directly in Miro, can streamline analysis and design work, from structuring requirements to creating and<br \/><a class=\"moretag\" href=\"https:\/\/rainergrau.com\/wordpress\/engagements\/\">+ Read More<\/a><\/p>\n","protected":false},"author":1,"featured_media":0,"parent":0,"menu_order":0,"comment_status":"closed","ping_status":"closed","template":"","meta":{"footnotes":""},"class_list":["post-16","page","type-page","status-publish","hentry"],"_links":{"self":[{"href":"https:\/\/rainergrau.com\/wordpress\/wp-json\/wp\/v2\/pages\/16","targetHints":{"allow":["GET"]}}],"collection":[{"href":"https:\/\/rainergrau.com\/wordpress\/wp-json\/wp\/v2\/pages"}],"about":[{"href":"https:\/\/rainergrau.com\/wordpress\/wp-json\/wp\/v2\/types\/page"}],"author":[{"embeddable":true,"href":"https:\/\/rainergrau.com\/wordpress\/wp-json\/wp\/v2\/users\/1"}],"replies":[{"embeddable":true,"href":"https:\/\/rainergrau.com\/wordpress\/wp-json\/wp\/v2\/comments?post=16"}],"version-history":[{"count":28,"href":"https:\/\/rainergrau.com\/wordpress\/wp-json\/wp\/v2\/pages\/16\/revisions"}],"predecessor-version":[{"id":599,"href":"https:\/\/rainergrau.com\/wordpress\/wp-json\/wp\/v2\/pages\/16\/revisions\/599"}],"wp:attachment":[{"href":"https:\/\/rainergrau.com\/wordpress\/wp-json\/wp\/v2\/media?parent=16"}],"curies":[{"name":"wp","href":"https:\/\/api.w.org\/{rel}","templated":true}]}}