{"id":22,"date":"2016-01-13T13:25:20","date_gmt":"2016-01-13T13:25:20","guid":{"rendered":"https:\/\/rainergrau.com\/wordpress\/?page_id=22"},"modified":"2025-11-02T12:51:06","modified_gmt":"2025-11-02T11:51:06","slug":"bibliography","status":"publish","type":"page","link":"https:\/\/rainergrau.com\/wordpress\/bibliography\/","title":{"rendered":"BIBLIOGRAPHY"},"content":{"rendered":"\n<div class=\"wp-block-columns is-layout-flex wp-container-core-columns-is-layout-9d6595d7 wp-block-columns-is-layout-flex\">\n<div class=\"wp-block-column is-layout-flow wp-block-column-is-layout-flow\" style=\"flex-basis:33.33%\"><div class=\"wp-block-image\">\n<figure class=\"aligncenter size-full is-resized\"><img loading=\"lazy\" decoding=\"async\" width=\"648\" height=\"484\" src=\"https:\/\/rainergrau.com\/wordpress\/wp-content\/uploads\/2016\/03\/ManyBooks.jpg\" alt=\"Many books in a library\" class=\"wp-image-242\" style=\"width:auto;height:200px\" srcset=\"https:\/\/rainergrau.com\/wordpress\/wp-content\/uploads\/2016\/03\/ManyBooks.jpg 648w, https:\/\/rainergrau.com\/wordpress\/wp-content\/uploads\/2016\/03\/ManyBooks-300x224.jpg 300w\" sizes=\"auto, (max-width: 648px) 100vw, 648px\" \/><figcaption class=\"wp-element-caption\">B\u00fccher sind mehr als Information auf Papier. B\u00fccher sind auch Quelle von Ideen und Emotionen.<\/figcaption><\/figure>\n<\/div><\/div>\n\n\n\n<div class=\"wp-block-column is-layout-flow wp-block-column-is-layout-flow\" style=\"flex-basis:66.66%\">\n<p>Bei mir zu Hause stapeln sich tats\u00e4chlich noch B\u00fccher aus Papier neben meinem Bett. Neben Romanen von Haruki Murakami, T.C. Boyle und Salman Rushdie sind auch ettlich Sachb\u00fccher zu finden in denen ich immer wieder ein Kapitel durchst\u00f6bere.<\/p>\n\n\n\n<p>F\u00fcr alle diejenigen, die neben den 20 Zeilen Schlagw\u00f6rter Texten in den Social Media sich noch hinterfragt, dediziert und ausf\u00fchrlich mit einem Thema besch\u00e4ftigen wollen, empfehle ich die folgenden B\u00fccher. Bei Amazon sind die meisten davon auch als Kindle Edition lieferbar.  <\/p>\n<\/div>\n<\/div>\n\n\n<h2>Management and Leadership Topics<\/h2>\n<ul>\n<li>Malte Foegen, Christian Kaczmarek, Organisation in einer Digitalen Zeit: Ein Buch f\u00fcr die Gestaltung von reaktionsf\u00e4higen und schlanken Organisationen mit Hilfe von skalierten Agile &amp; Lean Mustern, wibas GmbH; Auflage: 3. (1. Juli 2016), ISBN-13: 978-3981583786<\/li>\n<li>Bernd Oestereich, Claudia Schr\u00f6der, Das kollegial gef\u00fchrte Unternehmen: Ideen und Praktiken f\u00fcr die agile Organisation von morgen, Vahlen Verlag; Auflage: 1 (21. November 2016), ISBN-13: 978-3800652297<\/li>\n<li>Frederic Laloux, Mike Kauschke, Reinventing Organizations: Ein Leitfaden zur Gestaltung sinnstiftender Formen der Zusammenarbeit, Vahlen Verlag; Auflage: 1 (30. April 2015), ISBN-13: 978-3800649136<\/li>\n<li>Management 3.0; Jurgen Appelo; Addison Wesley; (28. Dec2010); ISBN-13: 978-0321712479<\/li>\n<li>Beyond Budgeting; Jeremy Hope, Robin Fraser, Charles T. Horngren; Harvard Business Review Press<br \/>(1. Mar 2003); ISBN-13: 978-1578518661<\/li>\n<li>Pflaeging, Niels. Organize for Complexity: How to Get Life Back Into Work to Build the High-Performance Organization. Betacodex Publishing, 19 March 2014. ISBN-13: 978-0991537600<\/li>\n<li>The Business Motivation Model, Object Management Group OMG,<\/li>\n<li><a href=\"http:\/\/www.omg.org\/spec\/BMM\/About-BMM\/\">http:\/\/www.omg.org\/spec\/BMM\/About-BMM\/<\/a>, April 2015, Dokument Download unter: <a href=\"http:\/\/www.omg.org\/spec\/BMM\/1.3\/PDF\">http:\/\/www.omg.org\/spec\/BMM\/1.3\/PDF<\/a><\/li>\n<li>Lean Leadership of Senior Management, Research Paper, OPX-Institut, BTW: NL8530.24.418B01. Available at http:\/\/www.vanassen.info\/wp-content\/uploads\/Research-paper-Lean-Leadership-of-Senior-Management.pdf<\/li>\n<li>Al-Najem, Mohamad, Dr. Hom Dhakal, and Professor Nick Bennett. \u201cThe Role of Culture and Leadership in Lean Transformation: A Review and Assessment Model.\u201d International Journal of Lean Thinking, Volume 3, Issue Number 1, 1 Jun 2012, Pages 119-138<\/li>\n<li>Chaos Manifest 2011, Standish Group International<\/li>\n<\/ul>\n<h2>Technology<\/h2>\n<ul>\n<li class=\"a-spacing-none a-text-normal\"><span class=\"a-size-large celwidget\" data-csa-c-id=\"5pxkmz-ch11w1-3snz4m-y7zxrp\" data-cel-widget=\"productTitle\">Max Tegmark, Life 3.0: Being Human in the Age of Artificial Intelligence, (29. Aug. 2017). ISBN-13: \u200e 978-0141981796. &#8220;Anyone who wants to discuss how artificial intelligence is shaping the world should read this book. Tegmark, a physicist by training, takes a scientific approach. He doesn\u2019t spend a lot of time saying we should do this or that, and as a result,\u00a0Life 3.0 offers a terrific baseline of knowledge on the subject.\u201d Zitat Bill Gates, \u201c10 Favorite Books about Technology\u201d<\/span><\/li>\n<li class=\"a-spacing-none a-text-normal\">Dr. Manfred Spitzer, K\u00fcnstliche Intelligenz: Dem Menschen \u00fcberlegen \u2013 wie KI uns rettet und bedroht, ISBN-13 \u200f : \u200e 978-3426567722, Das Buch zeigt die Entwicklung von KI auf, also auch die Auswirkungen auf verschiedene Gebiete unserer modernen Welt &#8211; von der Geisteswissenschaft bis \u00fcber den Einsatz in Wirtschaft oder Medizin bis zum milit\u00e4rischen Einsatz. In neutraler Art wird der Diskurs gef\u00fchrt, ob KI nun Rettung oder Bedrohung &#8211; oder beides gleichzeitig ist.<\/li>\n<li class=\"a-spacing-none a-text-normal\">Heike Markus, Das Unternehmen der Zukunft &#8211; digital und nachhaltig: Wie sich Unternehmen flexibel und agil aufstellen k\u00f6nnen, ISBN-13: 978-3658445492. Dieses Buch liefert konkrete Ans\u00e4tze, wie sich Unternehmen mittels der Digitalisierung flexibel und agil aufstellen k\u00f6nnen, um langfristig erfolgreich zu sein. das Buch diskutiert wie alle Elemente der Organisation wie Strategie, Steuerung, Prozesse, Daten, Technologie, Personal und F\u00fchrung aufeinander abzustimmen sind, wenn ein Unternehmen einen echten Mehrwert aus der Digitalisierung generieren will.<\/li>\n<li>Geng Lin, Lori A. MacVittie, Enterprise Architecture for Digital Business: Transforming IT, ISBN-13: 978-1098121419. Geng Lin und Lori A. MacVittie sind Vice President bzw. CTO von F5. eines f\u00fchrenden Unternehmens, welches Multi-Cloud Anwendungsplattformen als Service f\u00fcr Kunden aufbaut. Es diskutiert den Aufbau eines digitalen Unternehmens einschliesslich der relevanten Aspekte Architektur, Organisation und Skills, die parallel mit der Digitalisierung aufgebaut werden m\u00fcssen.<\/li>\n<\/ul>\n<h2>Lean, Agile and Start-up Thinking<\/h2>\n<ul>\n<li>User Story Mapping: Discover the Whole Story, Build the Right Product, Jeff Patton, Publisher: O\u2019Reilly and Associates; 1 edition (31 Aug 2014), Language: Englisch, ISBN-10: 1491904909, ISBN-13: 978-1491904909<\/li>\n<li>Large-Scale Scrum: More with LeSS, Craig Larman and Bas Vodde,\u00a0Addison-Wesley Professional; 1 edition (August 20, 2016), Language: English, ISBN-13: 978-0321985712<\/li>\n<li>Business Model Generation: A Handbook for Visionaries, Game Changers, and Challengers, Alexander Osterwalder, Publisher: Wiley; 1 edition (20 Aug 2010), Language: Englisch, ISBN-10: 0470876417, ISBN-13: 978-0470876411<\/li>\n<li>The Lean Startup: How Today&#8217;s Entrepreneurs Use Continuous Innovation to Create Radically Successful Businesses, Eric Ries, Publisher: Currency (17 Oct 2017), Language: Englisch, ISBN-10: 1524762407, ISBN-13: 978-1524762407<\/li>\n<li>The Lean Product Playbook: How to Innovate with Minimum Viable Products and Rapid Customer Feedback, Dan Olsen, Publisher: Wiley; 1 edition (10 July 2015), Language: Englisch, ISBN-10: 1118960874, ISBN-13: 978-1118960875<\/li>\n<li>The Principles of Product Development Flow; Donald G. Reinersten; Celeritas Publishing;\u00a0(29. May 2009); ISBN-13: 978-1935401001<\/li>\n<li>The Scaled Agile Framework SAFe, <a href=\"http:\/\/www.scaledagileframework.com\">scaledagileframework.com<\/a>, and \u2026<\/li>\n<li>Agile Software Requirements: Lean Requirements Practices for Teams, Programs, and the Enterprise; Dean Leffingwell; Addison-Wesley Professional; 1 edition (January 6, 2011); ISBN-13: 978-0321635846<\/li>\n<li>Scaling Lean and Agile Development; Craig Larman and Bas Vodde; Addison Wesley;\u00a0(8. Dec 2008); ISBN-13: 978-0321480965<\/li>\n<li>Disciplined Agile Delivery; Scott Ambler; IBM Press (23. May 2012),\u00a0ISBN-13: 978-0132810135<\/li>\n<li>Blog of Jeff Patton, 2000: The new user story backlog is a map, see <a href=\"http:\/\/www.agileproductdesign.com\/blog\/the_new_backlog.html\">http:\/\/www.agileproductdesign.com\/blog\/the_new_backlog.html<\/a><\/li>\n<li>Lean Software Development; Mary Poppendieck; Addison-Wesley Professional;\u00a0ISBN-13: 978-0321150783<\/li>\n<li>Writing Effective Use Cases; Alistair Cockburn; Addison-Wesley Professional; 1 edition (October 15, 2000); ISBN-13: 978-0201702255<\/li>\n<\/ul>\n<h2>Lean Manufacturing, Production<\/h2>\n<ul>\n<li><a href=\"https:\/\/www.creativesafetysupply.com\/lean-articles\/\">Lean Articles<\/a> of <a href=\"https:\/\/www.creativesafetysupply.com\/\">Creative Safety Supply<\/a>: This company produces products for lean manufacturing on the production floor. They offer really good articles about 5S, Kanban, Lean Manufaturing, Gemba, Six Sigma, Kaizen&#8230;<\/li>\n<\/ul>\n<h2>Scrum, Kanban, XP\u2026<\/h2>\n<ul>\n<li>Scrum &#8211; A Pocket Guide; Gunter Verheyen; van Haren Publishing; Poc edition (April 11, 2013); ISBN-13: 978-9087537203<\/li>\n<li>Agile Software Development with Scrum; Ken Schwaber; Englisch, Prentice Hall 2002, ISBN: 0130676349<\/li>\n<li>Extreme Programming Explained: Embrace Change; Kent Beck; Addison-Wesley; 2nd edition (November 26, 2004); ISBN-13: 978-0321278654<\/li>\n<li>Test-Driven Development by example; Kent Beck; Addison-Wesley, ISBN: 0321146530<\/li>\n<li>Ester Derby, Diana Larsen, and Ken Schwaber, Agile Retrospectives: Making Good Teams Great, Pragmatic Bookshelf, August 5, 2006; ISBN-13: 978-0977616640<\/li>\n<li>User stories applied; Mike Cohn; Addison-Wesley Professional; 1 edition (March 11, 2004); ISBN-13: 978-0321205681<\/li>\n<li>Blog of Bill Wake, 2003: INVEST in Good Stories, and SMART Tasks, see <a href=\"http:\/\/xp123.com\/articles\/invest-in-good-stories-and-smart-tasks\/\">http:\/\/xp123.com\/articles\/invest-in-good-stories-and-smart-tasks\/<\/a><\/li>\n<li>Three C\u2019s; Ron Jeffries; Aug 30, 2001; card, conversation, confirmation; see: <a href=\"http:\/\/xprogramming.com\/articles\/expcardconversationconfirmation\/\">http:\/\/xprogramming.com\/articles\/expcardconversationconfirmation\/<\/a><\/li>\n<\/ul>\n<h2>Requirements Engineering &amp; Business Analysis<\/h2>\n<ul>\n<li>Requirements Engineering Fundamentals; 1. Edition; Klaus Pohl, Chris Rupp; Rocky Nook Inc. (April 2011); English, 184 pages Paperback; ISBN-13: 978-1933952819<\/li>\n<li>Requirements Engineering, Fundamentals, Principles, and Techniques; Pohl, Klaus; 2010, XVIII, 814 pages, ISBN 978-3-642-12577-5<\/li>\n<li>IREB Certified Professional for Requirements Engineering, Foundation Level Syllabus, Version 2.1, 1<sup>st<\/sup> March 2011<\/li>\n<li>IREB Certified Professional for Requirements Engineering, Advanced Level Syllabus, Requirements Elicitation and Consolidation; version 1.0; Dec 2012; see: <a href=\"http:\/\/www.ireb.org\/fileadmin\/IREB\/Lehrplaene\/CPRE_Elicitation_and_Consolidation_Syllabus_Version_1.0.pdf\">http:\/\/www.ireb.org\/fileadmin\/IREB\/Lehrplaene\/CPRE_Elicitation_and_Consolidation_Syllabus_Version_1.0.pdf<\/a><\/li>\n<li>Requirements Abstraction Model; T. Gorschek and C. Wohlin; Requirements Engineering Journal, Vol. 11, No. 1, pp. 79-101, 2006;<\/li>\n<li>Agile Requirements Abstraction Model \u2013 Requirements Engineering in a Scrum Environment; Richard Berntsson Svensson, Sigurdur \u00d6rn Birgisson, Christian Hedin, Bj\u00f6rn Regnell; Paper published at the Department of Computer Science, Lund University, Sweden<\/li>\n<\/ul>\n<h2>Estimation (traditional and agile)<\/h2>\n<ul>\n<li>Software Estimation, Demystifying the Black Art; Steve McConnel; Microsoft Press; 1 edition (March 1, 2006); ISBN-13: 978-0735605350<\/li>\n<li>Agile Estimation and Planning; Mike Cohn; Prentice Hall; 1 edition (November 11, 2005); ISBN-13: 978-0131479418<\/li>\n<\/ul>\n<h2>Additional interesting topics<\/h2>\n<ul>\n<li>Kahnemann, D.: Thinking, Fast and Slow. PENGIUN Psychology, 2011.<\/li>\n<\/ul>\n<h2>Change Management<\/h2>\n<ul>\n<li>Leading Change, John P. Kotter, Harvard Business Review Press, ISBN-13: 978-0875847474<\/li>\n<li>Our Iceberg is melting, John P. Kotter, Macmillan Publishers Ltd, ISBN-13: 978-0230014206<\/li>\n<\/ul>","protected":false},"excerpt":{"rendered":"<p>Bei mir zu Hause stapeln sich tats\u00e4chlich noch B\u00fccher aus Papier neben meinem Bett. Neben Romanen von Haruki Murakami, T.C. Boyle und Salman Rushdie sind auch ettlich Sachb\u00fccher zu finden in denen ich immer wieder ein Kapitel durchst\u00f6bere. F\u00fcr alle diejenigen, die neben den 20 Zeilen Schlagw\u00f6rter Texten in den Social Media sich noch hinterfragt,<br \/><a class=\"moretag\" href=\"https:\/\/rainergrau.com\/wordpress\/bibliography\/\">+ Read More<\/a><\/p>\n","protected":false},"author":1,"featured_media":0,"parent":0,"menu_order":0,"comment_status":"closed","ping_status":"closed","template":"","meta":{"footnotes":""},"class_list":["post-22","page","type-page","status-publish","hentry"],"_links":{"self":[{"href":"https:\/\/rainergrau.com\/wordpress\/wp-json\/wp\/v2\/pages\/22","targetHints":{"allow":["GET"]}}],"collection":[{"href":"https:\/\/rainergrau.com\/wordpress\/wp-json\/wp\/v2\/pages"}],"about":[{"href":"https:\/\/rainergrau.com\/wordpress\/wp-json\/wp\/v2\/types\/page"}],"author":[{"embeddable":true,"href":"https:\/\/rainergrau.com\/wordpress\/wp-json\/wp\/v2\/users\/1"}],"replies":[{"embeddable":true,"href":"https:\/\/rainergrau.com\/wordpress\/wp-json\/wp\/v2\/comments?post=22"}],"version-history":[{"count":22,"href":"https:\/\/rainergrau.com\/wordpress\/wp-json\/wp\/v2\/pages\/22\/revisions"}],"predecessor-version":[{"id":609,"href":"https:\/\/rainergrau.com\/wordpress\/wp-json\/wp\/v2\/pages\/22\/revisions\/609"}],"wp:attachment":[{"href":"https:\/\/rainergrau.com\/wordpress\/wp-json\/wp\/v2\/media?parent=22"}],"curies":[{"name":"wp","href":"https:\/\/api.w.org\/{rel}","templated":true}]}}