{"id":24,"date":"2016-01-13T13:25:31","date_gmt":"2016-01-13T13:25:31","guid":{"rendered":"https:\/\/rainergrau.com\/wordpress\/?page_id=24"},"modified":"2022-08-11T13:10:44","modified_gmt":"2022-08-11T11:10:44","slug":"contact","status":"publish","type":"page","link":"https:\/\/rainergrau.com\/wordpress\/contact\/","title":{"rendered":"CONTACT"},"content":{"rendered":"<div class=\"wp-block-image is-style-default\">\n<figure class=\"aligncenter size-full is-resized\"><img loading=\"lazy\" decoding=\"async\" src=\"https:\/\/rainergrau.com\/wordpress\/wp-content\/uploads\/2022\/08\/DSC6331_wald_h.jpg\" alt=\"\" class=\"wp-image-557\" width=\"324\" height=\"324\" srcset=\"https:\/\/rainergrau.com\/wordpress\/wp-content\/uploads\/2022\/08\/DSC6331_wald_h.jpg 800w, https:\/\/rainergrau.com\/wordpress\/wp-content\/uploads\/2022\/08\/DSC6331_wald_h-300x300.jpg 300w, https:\/\/rainergrau.com\/wordpress\/wp-content\/uploads\/2022\/08\/DSC6331_wald_h-150x150.jpg 150w, https:\/\/rainergrau.com\/wordpress\/wp-content\/uploads\/2022\/08\/DSC6331_wald_h-768x768.jpg 768w\" sizes=\"auto, (max-width: 324px) 100vw, 324px\" \/><\/figure>\n<\/div>\n\n\n<p>Gerne k\u00f6nnen Sie mich \u00fcber das folgende Kontaktformular ansprechen. Bitte gestatten Sie mir als Privatmann ein paar Tage Zeit f\u00fcr eine Kontaktaufnahme.<\/p>\n\n\n\n<div class=\"wp-block-contact-form-7-contact-form-selector\">\n<div class=\"wpcf7 no-js\" id=\"wpcf7-f550-o1\" lang=\"en-US\" dir=\"ltr\" data-wpcf7-id=\"550\">\n<div class=\"screen-reader-response\"><p role=\"status\" aria-live=\"polite\" aria-atomic=\"true\"><\/p> <ul><\/ul><\/div>\n<form action=\"\/wordpress\/wp-json\/wp\/v2\/pages\/24#wpcf7-f550-o1\" method=\"post\" class=\"wpcf7-form init\" aria-label=\"Contact form\" novalidate=\"novalidate\" data-status=\"init\">\n<fieldset class=\"hidden-fields-container\"><input type=\"hidden\" name=\"_wpcf7\" value=\"550\" \/><input type=\"hidden\" name=\"_wpcf7_version\" value=\"6.1.5\" \/><input type=\"hidden\" name=\"_wpcf7_locale\" value=\"en_US\" \/><input type=\"hidden\" name=\"_wpcf7_unit_tag\" value=\"wpcf7-f550-o1\" \/><input type=\"hidden\" name=\"_wpcf7_container_post\" value=\"0\" \/><input type=\"hidden\" name=\"_wpcf7_posted_data_hash\" value=\"\" \/><input type=\"hidden\" name=\"_wpcf7_recaptcha_response\" value=\"\" \/>\n<\/fieldset>\n<p><label> Your name<br \/>\n<span class=\"wpcf7-form-control-wrap\" data-name=\"your-name\"><input size=\"40\" maxlength=\"400\" class=\"wpcf7-form-control wpcf7-text wpcf7-validates-as-required\" aria-required=\"true\" aria-invalid=\"false\" value=\"\" type=\"text\" name=\"your-name\" \/><\/span> <\/label>\n<\/p>\n<p><label> Your email<br \/>\n<span class=\"wpcf7-form-control-wrap\" data-name=\"your-email\"><input size=\"40\" maxlength=\"400\" class=\"wpcf7-form-control wpcf7-email wpcf7-validates-as-required wpcf7-text wpcf7-validates-as-email\" aria-required=\"true\" aria-invalid=\"false\" value=\"\" type=\"email\" name=\"your-email\" \/><\/span> <\/label>\n<\/p>\n<p><label> Subject<br \/>\n<span class=\"wpcf7-form-control-wrap\" data-name=\"your-subject\"><input size=\"40\" maxlength=\"400\" class=\"wpcf7-form-control wpcf7-text wpcf7-validates-as-required\" aria-required=\"true\" aria-invalid=\"false\" value=\"\" type=\"text\" name=\"your-subject\" \/><\/span> <\/label>\n<\/p>\n<p><label> Your message (optional)<br \/>\n<span class=\"wpcf7-form-control-wrap\" data-name=\"your-message\"><textarea cols=\"40\" rows=\"10\" maxlength=\"2000\" class=\"wpcf7-form-control wpcf7-textarea\" aria-invalid=\"false\" name=\"your-message\"><\/textarea><\/span> <\/label>\n<\/p>\n<p><input class=\"wpcf7-form-control wpcf7-submit has-spinner\" type=\"submit\" value=\"Submit\" \/>\n<\/p><p style=\"display: none !important;\" class=\"akismet-fields-container\" data-prefix=\"_wpcf7_ak_\"><label>&#916;<textarea name=\"_wpcf7_ak_hp_textarea\" cols=\"45\" rows=\"8\" maxlength=\"100\"><\/textarea><\/label><input type=\"hidden\" id=\"ak_js_1\" name=\"_wpcf7_ak_js\" value=\"249\"\/><script>document.getElementById( \"ak_js_1\" ).setAttribute( \"value\", ( new Date() ).getTime() );<\/script><\/p><div class=\"wpcf7-response-output\" aria-hidden=\"true\"><\/div>\n<\/form>\n<\/div>\n<\/div>\n\n\n\n<p>Mit der Benutzung des Kontaktformulars und der Eingabe in diese Felder erkl\u00e4ren Sie sich ausdr\u00fccklich einverstanden mit der <a href=\"https:\/\/www.google.com\/policies\/privacy\/\" target=\"_blank\" rel=\"noopener noreferrer\">Datenschutzerkl\u00e4rung<\/a>&nbsp;und diesen&nbsp;<a href=\"https:\/\/www.google.com\/policies\/terms\/\" target=\"_blank\" rel=\"noopener noreferrer\">Nutzungsbedingungen<\/a> von Google.<\/p>\n\n\n\n<p>Spam Nachrichten l\u00f6sche ich kommentarlos.<\/p>\n","protected":false},"excerpt":{"rendered":"<p>Gerne k\u00f6nnen Sie mich \u00fcber das folgende Kontaktformular ansprechen. Bitte gestatten Sie mir als Privatmann ein paar Tage Zeit f\u00fcr eine Kontaktaufnahme. Mit der Benutzung des Kontaktformulars und der Eingabe in diese Felder erkl\u00e4ren Sie sich ausdr\u00fccklich einverstanden mit der Datenschutzerkl\u00e4rung&nbsp;und diesen&nbsp;Nutzungsbedingungen von Google. Spam Nachrichten l\u00f6sche ich kommentarlos.<\/p>\n","protected":false},"author":1,"featured_media":0,"parent":0,"menu_order":0,"comment_status":"closed","ping_status":"closed","template":"","meta":{"footnotes":""},"class_list":["post-24","page","type-page","status-publish","hentry"],"_links":{"self":[{"href":"https:\/\/rainergrau.com\/wordpress\/wp-json\/wp\/v2\/pages\/24","targetHints":{"allow":["GET"]}}],"collection":[{"href":"https:\/\/rainergrau.com\/wordpress\/wp-json\/wp\/v2\/pages"}],"about":[{"href":"https:\/\/rainergrau.com\/wordpress\/wp-json\/wp\/v2\/types\/page"}],"author":[{"embeddable":true,"href":"https:\/\/rainergrau.com\/wordpress\/wp-json\/wp\/v2\/users\/1"}],"replies":[{"embeddable":true,"href":"https:\/\/rainergrau.com\/wordpress\/wp-json\/wp\/v2\/comments?post=24"}],"version-history":[{"count":11,"href":"https:\/\/rainergrau.com\/wordpress\/wp-json\/wp\/v2\/pages\/24\/revisions"}],"predecessor-version":[{"id":558,"href":"https:\/\/rainergrau.com\/wordpress\/wp-json\/wp\/v2\/pages\/24\/revisions\/558"}],"wp:attachment":[{"href":"https:\/\/rainergrau.com\/wordpress\/wp-json\/wp\/v2\/media?parent=24"}],"curies":[{"name":"wp","href":"https:\/\/api.w.org\/{rel}","templated":true}]}}